{"id":18859,"date":"2014-06-02T09:22:38","date_gmt":"2014-06-02T09:22:38","guid":{"rendered":"http:\/\/demo.select-themes.com\/stockholm1\/?page_id=18859"},"modified":"2024-02-12T01:55:16","modified_gmt":"2024-02-12T00:55:16","slug":"ueber-uns","status":"publish","type":"page","link":"http:\/\/www.gasunda-betreuungsdienst.de\/?page_id=18859","title":{"rendered":"\u00dcber uns"},"content":{"rendered":"<h6><em>Wer wir sind:<\/em><\/h6>\n<h2>UNSERE PHILOSOPHIE<\/h2>\n<p>Die Inhaber und heutigen Gesch\u00e4ftsf\u00fchrer der gasunda-Firmengruppe sind durch die pers\u00f6nliche Pflegerfahrung in einem sehr intensiven Ausma\u00df vor einigen Jahren in die Pflegebranche involviert worden.<\/p>\n<p>2009 erfolgten die Vorbereitungen f\u00fcr die Gr\u00fcndung des ersten gasunda-Standortes in <strong>Neustrelitz\/Mecklenburg-Vorpommern<\/strong>, der 2012 operativ seine Arbeit aufnahm.<\/p>\n<p>Wir besch\u00e4ftigen dort heute ca. 25 Festangestellte im Bereich Seniorenpflege und -betreuung. Betreut wird exklusiv die sch\u00f6ne Seniorenwohnanlage &#8220;Am Zierker See&#8221; mit 33 Wohnungen gem\u00e4\u00df unserer Firmenphilosophie <strong>&#8220;Im Mittelpunkt steht der Mensch&#8221;<\/strong> und dem t\u00e4glichen Motto:<strong>&#8220;Wir betreuen und pflegen so wie wir selber gepflegt werden m\u00f6chten&#8221;<\/strong>. Garantiert wird diese exzellente Betreuungsqualit\u00e4t <em>(Kundenbeurteilung 1,0 lt. MDK-Pr\u00fcfung 1\/2014)<\/em> durch einen weit \u00fcber dem Branchendurchschnitt liegenden, hochqualifizierten Personalschl\u00fcssel.<\/p>\n<p>2014 haben wir den Standort <strong>Berlin in Zehlendorf<\/strong> gegr\u00fcndet und stehen ab dem 01.03.2015 dort den Kunden zur Verf\u00fcgung. Neben der t\u00e4glichen Unterst\u00fctzung der Senioren in den eigenen vier W\u00e4nden ist der zweite Schwerpunkt unserer Arbeit die Beratung rund um das Thema Pflege &amp; Betreuung. Z\u00f6gern Sie nicht, sich fr\u00fchzeitig mit uns in Verbindung zu setzen, um dieses komplexe Thema mit all seinen organisatorischen und finanziellen Facetten erkl\u00e4rt zu bekommen.<\/p>\n","protected":false},"excerpt":{"rendered":"<p>Wer wir sind: UNSERE PHILOSOPHIE Die Inhaber und heutigen Gesch\u00e4ftsf\u00fchrer der gasunda-Firmengruppe sind durch die pers\u00f6nliche Pflegerfahrung in einem sehr intensiven Ausma\u00df vor einigen Jahren in die Pflegebranche involviert worden. 2009 erfolgten die Vorbereitungen f\u00fcr die Gr\u00fcndung des ersten gasunda-Standortes in Neustrelitz\/Mecklenburg-Vorpommern, der 2012 operativ&#8230;<\/p>\n","protected":false},"author":1,"featured_media":21160,"parent":0,"menu_order":0,"comment_status":"open","ping_status":"open","template":"full_width.php","meta":{"footnotes":""},"_links":{"self":[{"href":"http:\/\/www.gasunda-betreuungsdienst.de\/index.php?rest_route=\/wp\/v2\/pages\/18859"}],"collection":[{"href":"http:\/\/www.gasunda-betreuungsdienst.de\/index.php?rest_route=\/wp\/v2\/pages"}],"about":[{"href":"http:\/\/www.gasunda-betreuungsdienst.de\/index.php?rest_route=\/wp\/v2\/types\/page"}],"author":[{"embeddable":true,"href":"http:\/\/www.gasunda-betreuungsdienst.de\/index.php?rest_route=\/wp\/v2\/users\/1"}],"replies":[{"embeddable":true,"href":"http:\/\/www.gasunda-betreuungsdienst.de\/index.php?rest_route=%2Fwp%2Fv2%2Fcomments&post=18859"}],"version-history":[{"count":51,"href":"http:\/\/www.gasunda-betreuungsdienst.de\/index.php?rest_route=\/wp\/v2\/pages\/18859\/revisions"}],"predecessor-version":[{"id":21614,"href":"http:\/\/www.gasunda-betreuungsdienst.de\/index.php?rest_route=\/wp\/v2\/pages\/18859\/revisions\/21614"}],"wp:featuredmedia":[{"embeddable":true,"href":"http:\/\/www.gasunda-betreuungsdienst.de\/index.php?rest_route=\/wp\/v2\/media\/21160"}],"wp:attachment":[{"href":"http:\/\/www.gasunda-betreuungsdienst.de\/index.php?rest_route=%2Fwp%2Fv2%2Fmedia&parent=18859"}],"curies":[{"name":"wp","href":"https:\/\/api.w.org\/{rel}","templated":true}]}}