{"id":19843,"date":"2014-06-13T11:03:41","date_gmt":"2014-06-13T11:03:41","guid":{"rendered":"http:\/\/demo.select-themes.com\/stockholm1\/?page_id=19843"},"modified":"2024-02-12T02:07:13","modified_gmt":"2024-02-12T01:07:13","slug":"home-default","status":"publish","type":"page","link":"http:\/\/www.gasunda-betreuungsdienst.de\/","title":{"rendered":"Startseite"},"content":{"rendered":"\n<h6 class=\"wp-block-heading\"><em>Herzlich Willkommen bei der gasunda Seniorenbetreuung in Berlin<\/em><\/h6>\n\n\n\n<h2 class=\"wp-block-heading\">WIR SIND WIRKLICH IMMER F\u00dcR SIE DA<\/h2>\n\n\n\n<p>Als Erg\u00e4nzung zum ambulanten Pflegedienst sind unsere geschulten Betreuungskr\u00e4fte so h\u00e4ufig und so lange wie Sie es m\u00f6chten f\u00fcr Sie da. Unsere zertifizierten Alltagsbetreuer stehen den Senioren oder den Angeh\u00f6rigen stundenweise zur Verf\u00fcgung.<\/p>\n\n\n\n<p><\/p>\n\n\n\n<p>WIR K\u00dcMMERN \u2026<\/p>\n\n\n\n<p>\u2026 uns nicht im Minutentakt sondern nehmen uns die ben\u00f6tigte und gew\u00fcnschte Zeit f\u00fcr Sie.<\/p>\n\n\n\n<p>WIR M\u00d6CHTEN \u2026<br \/>\u2026 dass Sie Zuhause ein bestm\u00f6gliches und selbstst\u00e4ndiges Leben f\u00fchren k\u00f6nnen und nicht in eine Pflegeeinrichtung oder Heim m\u00fcssen.<\/p>\n\n\n\n<p>WIR FREUEN \u2026<br \/>\u2026 uns auf Ihren Anruf und stehen Ihnen f\u00fcr unverbindliche und selbstverst\u00e4ndlich kostenfreie Beratung jederzeit zur Verf\u00fcgung.<\/p>\n\n\n\n<p>Telefon: 030\/80 49 97 29<\/p>\n\n\n\n<p><\/p>\n","protected":false},"excerpt":{"rendered":"<p>Herzlich Willkommen bei der gasunda Seniorenbetreuung in Berlin WIR SIND WIRKLICH IMMER F\u00dcR SIE DA Als Erg\u00e4nzung zum ambulanten Pflegedienst sind unsere geschulten Betreuungskr\u00e4fte so h\u00e4ufig und so lange wie Sie es m\u00f6chten f\u00fcr Sie da. Unsere zertifizierten Alltagsbetreuer stehen den Senioren oder den Angeh\u00f6rigen&#8230;<\/p>\n","protected":false},"author":1,"featured_media":21166,"parent":0,"menu_order":0,"comment_status":"open","ping_status":"open","template":"full_width.php","meta":{"footnotes":""},"_links":{"self":[{"href":"http:\/\/www.gasunda-betreuungsdienst.de\/index.php?rest_route=\/wp\/v2\/pages\/19843"}],"collection":[{"href":"http:\/\/www.gasunda-betreuungsdienst.de\/index.php?rest_route=\/wp\/v2\/pages"}],"about":[{"href":"http:\/\/www.gasunda-betreuungsdienst.de\/index.php?rest_route=\/wp\/v2\/types\/page"}],"author":[{"embeddable":true,"href":"http:\/\/www.gasunda-betreuungsdienst.de\/index.php?rest_route=\/wp\/v2\/users\/1"}],"replies":[{"embeddable":true,"href":"http:\/\/www.gasunda-betreuungsdienst.de\/index.php?rest_route=%2Fwp%2Fv2%2Fcomments&post=19843"}],"version-history":[{"count":47,"href":"http:\/\/www.gasunda-betreuungsdienst.de\/index.php?rest_route=\/wp\/v2\/pages\/19843\/revisions"}],"predecessor-version":[{"id":21618,"href":"http:\/\/www.gasunda-betreuungsdienst.de\/index.php?rest_route=\/wp\/v2\/pages\/19843\/revisions\/21618"}],"wp:featuredmedia":[{"embeddable":true,"href":"http:\/\/www.gasunda-betreuungsdienst.de\/index.php?rest_route=\/wp\/v2\/media\/21166"}],"wp:attachment":[{"href":"http:\/\/www.gasunda-betreuungsdienst.de\/index.php?rest_route=%2Fwp%2Fv2%2Fmedia&parent=19843"}],"curies":[{"name":"wp","href":"https:\/\/api.w.org\/{rel}","templated":true}]}}